{"id":11,"date":"2017-08-01T12:07:51","date_gmt":"2017-08-01T12:07:51","guid":{"rendered":"https:\/\/witsys.com.mx\/?page_id=11"},"modified":"2021-01-18T19:47:09","modified_gmt":"2021-01-18T19:47:09","slug":"about-us","status":"publish","type":"page","link":"https:\/\/witsys.com.mx\/?page_id=11","title":{"rendered":"About Us"},"content":{"rendered":"\t\t<div data-elementor-type=\"wp-post\" data-elementor-id=\"11\" class=\"elementor elementor-11\">\n\t\t\t\t\t\t<section class=\"elementor-section elementor-top-section elementor-element elementor-element-ytngt0t elementor-section-boxed elementor-section-height-default elementor-section-height-default\" data-id=\"ytngt0t\" data-element_type=\"section\" data-e-type=\"section\" data-settings=\"{&quot;background_background&quot;:&quot;classic&quot;}\">\n\t\t\t\t\t\t\t<div class=\"elementor-background-overlay\"><\/div>\n\t\t\t\t\t\t\t<div class=\"elementor-container elementor-column-gap-default\">\n\t\t\t\t\t<div class=\"elementor-column elementor-col-100 elementor-top-column elementor-element elementor-element-jotv04n\" data-id=\"jotv04n\" data-element_type=\"column\" data-e-type=\"column\">\n\t\t\t<div class=\"elementor-widget-wrap elementor-element-populated\">\n\t\t\t\t\t\t<div class=\"elementor-element elementor-element-vbeopux elementor-widget elementor-widget-heading\" data-id=\"vbeopux\" data-element_type=\"widget\" data-e-type=\"widget\" data-widget_type=\"heading.default\">\n\t\t\t\t<div class=\"elementor-widget-container\">\n\t\t\t\t\t<h1 class=\"elementor-heading-title elementor-size-default\">Quienes Somos<\/h1>\t\t\t\t<\/div>\n\t\t\t\t<\/div>\n\t\t\t\t<div class=\"elementor-element elementor-element-hrowtrh elementor-widget elementor-widget-image\" data-id=\"hrowtrh\" data-element_type=\"widget\" data-e-type=\"widget\" data-widget_type=\"image.default\">\n\t\t\t\t<div class=\"elementor-widget-container\">\n\t\t\t\t\t\t\t\t\t\t\t\t\t\t\t<img decoding=\"async\" src=\"https:\/\/witsys.com.mx\/wp-content\/uploads\/elementor\/thumbs\/plug-free-img-p0xny987mqqlao7jbe7yhf5fabrpv60crt7yjbnkb0.png\" title=\"Plugs\" alt=\"Plugs\" loading=\"lazy\" \/>\t\t\t\t\t\t\t\t\t\t\t\t\t\t\t<\/div>\n\t\t\t\t<\/div>\n\t\t\t\t\t<\/div>\n\t\t<\/div>\n\t\t\t\t\t<\/div>\n\t\t<\/section>\n\t\t\t\t<section class=\"elementor-section elementor-top-section elementor-element elementor-element-9o5glwr elementor-section-stretched elementor-section-boxed elementor-section-height-default elementor-section-height-default\" data-id=\"9o5glwr\" data-element_type=\"section\" data-e-type=\"section\" data-settings=\"{&quot;background_background&quot;:&quot;classic&quot;,&quot;stretch_section&quot;:&quot;section-stretched&quot;}\">\n\t\t\t\t\t\t<div class=\"elementor-container elementor-column-gap-default\">\n\t\t\t\t\t<div class=\"elementor-column elementor-col-100 elementor-top-column elementor-element elementor-element-v8uf8tm\" data-id=\"v8uf8tm\" data-element_type=\"column\" data-e-type=\"column\">\n\t\t\t<div class=\"elementor-widget-wrap elementor-element-populated\">\n\t\t\t\t\t\t<section class=\"elementor-section elementor-inner-section elementor-element elementor-element-koq88ch elementor-section-boxed elementor-section-height-default elementor-section-height-default\" data-id=\"koq88ch\" data-element_type=\"section\" data-e-type=\"section\">\n\t\t\t\t\t\t<div class=\"elementor-container elementor-column-gap-default\">\n\t\t\t\t\t<div class=\"elementor-column elementor-col-100 elementor-inner-column elementor-element elementor-element-04tj9xb\" data-id=\"04tj9xb\" data-element_type=\"column\" data-e-type=\"column\">\n\t\t\t<div class=\"elementor-widget-wrap elementor-element-populated\">\n\t\t\t\t\t\t<div class=\"elementor-element elementor-element-mjlu0q6 elementor-widget elementor-widget-heading\" data-id=\"mjlu0q6\" data-element_type=\"widget\" data-e-type=\"widget\" data-widget_type=\"heading.default\">\n\t\t\t\t<div class=\"elementor-widget-container\">\n\t\t\t\t\t<h2 class=\"elementor-heading-title elementor-size-default\">WITSYS SAS <\/h2>\t\t\t\t<\/div>\n\t\t\t\t<\/div>\n\t\t\t\t<div class=\"elementor-element elementor-element-61b9967 elementor-widget elementor-widget-text-editor\" data-id=\"61b9967\" data-element_type=\"widget\" data-e-type=\"widget\" data-widget_type=\"text-editor.default\">\n\t\t\t\t<div class=\"elementor-widget-container\">\n\t\t\t\t\t\t\t\t\t<p><span style=\"font-size: 15px; text-align: justify;\">Somos una Pyme constituida como Sociedad por Acciones Simplificadas (SAS) enfocada en brindar servicios de implementaci\u00f3n, soporte y desarrollo de proyectos en el \u00e1rea de la Inform\u00e1tica y Telecomunicaciones, con particular enfoque en las radiocomunicaciones trunking y convencionales tanto Anal\u00f3gicas como Digitales. Adem\u00e1s contamos con un departamento de desarrollo, distribuci\u00f3n y comercializaci\u00f3n de aplicaciones y softwares inform\u00e1ticos.<\/span><\/p>\t\t\t\t\t\t\t\t<\/div>\n\t\t\t\t<\/div>\n\t\t\t\t\t<\/div>\n\t\t<\/div>\n\t\t\t\t\t<\/div>\n\t\t<\/section>\n\t\t\t\t\t<\/div>\n\t\t<\/div>\n\t\t\t\t\t<\/div>\n\t\t<\/section>\n\t\t\t\t<section class=\"elementor-section elementor-top-section elementor-element elementor-element-pedibvq elementor-section-content-middle elementor-section-stretched elementor-section-boxed elementor-section-height-default elementor-section-height-default\" data-id=\"pedibvq\" data-element_type=\"section\" data-e-type=\"section\" data-settings=\"{&quot;background_background&quot;:&quot;classic&quot;,&quot;stretch_section&quot;:&quot;section-stretched&quot;}\">\n\t\t\t\t\t\t\t<div class=\"elementor-background-overlay\"><\/div>\n\t\t\t\t\t\t\t<div class=\"elementor-container elementor-column-gap-default\">\n\t\t\t\t\t<div class=\"elementor-column elementor-col-50 elementor-top-column elementor-element elementor-element-gtbpjlp\" data-id=\"gtbpjlp\" data-element_type=\"column\" data-e-type=\"column\">\n\t\t\t<div class=\"elementor-widget-wrap elementor-element-populated\">\n\t\t\t\t\t\t<div class=\"elementor-element elementor-element-zdqzzsw elementor-widget elementor-widget-heading\" data-id=\"zdqzzsw\" data-element_type=\"widget\" data-e-type=\"widget\" data-widget_type=\"heading.default\">\n\t\t\t\t<div class=\"elementor-widget-container\">\n\t\t\t\t\t<h2 class=\"elementor-heading-title elementor-size-default\">\u00bfNecesitas nuestros servicios?<\/h2>\t\t\t\t<\/div>\n\t\t\t\t<\/div>\n\t\t\t\t<div class=\"elementor-element elementor-element-fccd967 elementor-widget elementor-widget-text-editor\" data-id=\"fccd967\" data-element_type=\"widget\" data-e-type=\"widget\" data-widget_type=\"text-editor.default\">\n\t\t\t\t<div class=\"elementor-widget-container\">\n\t\t\t\t\t\t\t\t\t<p>\u00a0 \u00a0 \u00a0 \u00a0 Tenemos el compromiso de satisfacer al cliente actuando con eficacia, productividad, firmeza y persistencia. Deja tus datos de contacto al final de esta p\u00e1gina y enseguida le localizaremos.\u00a0<\/p>\t\t\t\t\t\t\t\t<\/div>\n\t\t\t\t<\/div>\n\t\t\t\t\t<\/div>\n\t\t<\/div>\n\t\t\t\t<div class=\"elementor-column elementor-col-50 elementor-top-column elementor-element elementor-element-tsnbnqj\" data-id=\"tsnbnqj\" data-element_type=\"column\" data-e-type=\"column\">\n\t\t\t<div class=\"elementor-widget-wrap\">\n\t\t\t\t\t\t\t<\/div>\n\t\t<\/div>\n\t\t\t\t\t<\/div>\n\t\t<\/section>\n\t\t\t\t<section class=\"elementor-section elementor-top-section elementor-element elementor-element-ko6d36c elementor-section-stretched elementor-section-boxed elementor-section-height-default elementor-section-height-default\" data-id=\"ko6d36c\" data-element_type=\"section\" data-e-type=\"section\" data-settings=\"{&quot;stretch_section&quot;:&quot;section-stretched&quot;}\">\n\t\t\t\t\t\t<div class=\"elementor-container elementor-column-gap-default\">\n\t\t\t\t\t<div class=\"elementor-column elementor-col-100 elementor-top-column elementor-element elementor-element-wmm7tbz\" data-id=\"wmm7tbz\" data-element_type=\"column\" data-e-type=\"column\">\n\t\t\t<div class=\"elementor-widget-wrap elementor-element-populated\">\n\t\t\t\t\t\t<div class=\"elementor-element elementor-element-l11k7ds elementor-widget elementor-widget-heading\" data-id=\"l11k7ds\" data-element_type=\"widget\" data-e-type=\"widget\" data-widget_type=\"heading.default\">\n\t\t\t\t<div class=\"elementor-widget-container\">\n\t\t\t\t\t<h2 class=\"elementor-heading-title elementor-size-default\">Empresas con las que trabajamos<\/h2>\t\t\t\t<\/div>\n\t\t\t\t<\/div>\n\t\t\t\t<div class=\"elementor-element elementor-element-1c9b863 elementor-arrows-position-inside elementor-widget elementor-widget-image-carousel\" data-id=\"1c9b863\" data-element_type=\"widget\" data-e-type=\"widget\" data-settings=\"{&quot;slides_to_show&quot;:&quot;4&quot;,&quot;slides_to_show_tablet&quot;:&quot;3&quot;,&quot;slides_to_show_mobile&quot;:&quot;1&quot;,&quot;slides_to_scroll&quot;:&quot;1&quot;,&quot;navigation&quot;:&quot;arrows&quot;,&quot;autoplay&quot;:&quot;yes&quot;,&quot;pause_on_hover&quot;:&quot;yes&quot;,&quot;pause_on_interaction&quot;:&quot;yes&quot;,&quot;autoplay_speed&quot;:5000,&quot;infinite&quot;:&quot;yes&quot;,&quot;speed&quot;:500}\" data-widget_type=\"image-carousel.default\">\n\t\t\t\t<div class=\"elementor-widget-container\">\n\t\t\t\t\t\t\t<div class=\"elementor-image-carousel-wrapper swiper\" role=\"region\" aria-roledescription=\"carousel\" aria-label=\"Image Carousel\" dir=\"ltr\">\n\t\t\t<div class=\"elementor-image-carousel swiper-wrapper\" aria-live=\"off\">\n\t\t\t\t\t\t\t\t<div class=\"swiper-slide\" role=\"group\" aria-roledescription=\"slide\" aria-label=\"1 of 4\"><figure class=\"swiper-slide-inner\"><img decoding=\"async\" class=\"swiper-slide-image\" src=\"https:\/\/witsys.com.mx\/wp-content\/uploads\/elementor\/thumbs\/tait-2-p1j4r2o5olby079bqdbjm982a2awg1ceqyi7te24tg.png\" alt=\"tait 2\" \/><\/figure><\/div><div class=\"swiper-slide\" role=\"group\" aria-roledescription=\"slide\" aria-label=\"2 of 4\"><figure class=\"swiper-slide-inner\"><img decoding=\"async\" class=\"swiper-slide-image\" src=\"https:\/\/witsys.com.mx\/wp-content\/uploads\/elementor\/thumbs\/c5-1-p1j4r2o5olby079bqdbjm982a2awg1ceqyi7te24im.png\" alt=\"c5\" \/><\/figure><\/div><div class=\"swiper-slide\" role=\"group\" aria-roledescription=\"slide\" aria-label=\"3 of 4\"><figure class=\"swiper-slide-inner\"><img decoding=\"async\" class=\"swiper-slide-image\" src=\"https:\/\/witsys.com.mx\/wp-content\/uploads\/elementor\/thumbs\/Tyrsa-p1j56ntt0oo4jem7plvtgtm8x3h13c85w3z3bky3jq.png\" alt=\"Tyrsa\" \/><\/figure><\/div><div class=\"swiper-slide\" role=\"group\" aria-roledescription=\"slide\" aria-label=\"4 of 4\"><figure class=\"swiper-slide-inner\"><img decoding=\"async\" class=\"swiper-slide-image\" src=\"https:\/\/witsys.com.mx\/wp-content\/uploads\/elementor\/thumbs\/CFE-p1j4xc9f8twrem5n52u08oaoujezre7zlz2qzsrn88.jpg\" alt=\"CFE\" \/><\/figure><\/div>\t\t\t<\/div>\n\t\t\t\t\t\t\t\t\t\t\t\t<div class=\"elementor-swiper-button elementor-swiper-button-prev\" role=\"button\" tabindex=\"0\">\n\t\t\t\t\t\t<i aria-hidden=\"true\" class=\"eicon-chevron-left\"><\/i>\t\t\t\t\t<\/div>\n\t\t\t\t\t<div class=\"elementor-swiper-button elementor-swiper-button-next\" role=\"button\" tabindex=\"0\">\n\t\t\t\t\t\t<i aria-hidden=\"true\" class=\"eicon-chevron-right\"><\/i>\t\t\t\t\t<\/div>\n\t\t\t\t\n\t\t\t\t\t\t\t\t\t<\/div>\n\t\t\t\t\t\t<\/div>\n\t\t\t\t<\/div>\n\t\t\t\t\t<\/div>\n\t\t<\/div>\n\t\t\t\t\t<\/div>\n\t\t<\/section>\n\t\t\t\t<\/div>\n\t\t","protected":false},"excerpt":{"rendered":"<p>Quienes Somos WITSYS SAS Somos una Pyme constituida como Sociedad por Acciones Simplificadas (SAS) enfocada en brindar servicios de implementaci\u00f3n, soporte y desarrollo de proyectos en el \u00e1rea de la Inform\u00e1tica y Telecomunicaciones, con particular enfoque en las radiocomunicaciones trunking y convencionales tanto Anal\u00f3gicas como Digitales. Adem\u00e1s contamos con un departamento de desarrollo, distribuci\u00f3n y [&hellip;]<\/p>\n","protected":false},"author":1,"featured_media":0,"parent":0,"menu_order":0,"comment_status":"closed","ping_status":"closed","template":"","meta":{"site-sidebar-layout":"no-sidebar","site-content-layout":"page-builder","ast-site-content-layout":"default","site-content-style":"default","site-sidebar-style":"default","ast-global-header-display":"","ast-banner-title-visibility":"","ast-main-header-display":"","ast-hfb-above-header-display":"","ast-hfb-below-header-display":"","ast-hfb-mobile-header-display":"","site-post-title":"disabled","ast-breadcrumbs-content":"","ast-featured-img":"disabled","footer-sml-layout":"","ast-disable-related-posts":"","theme-transparent-header-meta":"default","adv-header-id-meta":"","stick-header-meta":"","header-above-stick-meta":"","header-main-stick-meta":"","header-below-stick-meta":"","astra-migrate-meta-layouts":"default","ast-page-background-enabled":"default","ast-page-background-meta":{"desktop":{"background-color":"","background-image":"","background-repeat":"repeat","background-position":"center center","background-size":"auto","background-attachment":"scroll","background-type":"","background-media":"","overlay-type":"","overlay-color":"","overlay-opacity":"","overlay-gradient":""},"tablet":{"background-color":"","background-image":"","background-repeat":"repeat","background-position":"center center","background-size":"auto","background-attachment":"scroll","background-type":"","background-media":"","overlay-type":"","overlay-color":"","overlay-opacity":"","overlay-gradient":""},"mobile":{"background-color":"","background-image":"","background-repeat":"repeat","background-position":"center center","background-size":"auto","background-attachment":"scroll","background-type":"","background-media":"","overlay-type":"","overlay-color":"","overlay-opacity":"","overlay-gradient":""}},"ast-content-background-meta":{"desktop":{"background-color":"var(--ast-global-color-5)","background-image":"","background-repeat":"repeat","background-position":"center center","background-size":"auto","background-attachment":"scroll","background-type":"","background-media":"","overlay-type":"","overlay-color":"","overlay-opacity":"","overlay-gradient":""},"tablet":{"background-color":"var(--ast-global-color-5)","background-image":"","background-repeat":"repeat","background-position":"center center","background-size":"auto","background-attachment":"scroll","background-type":"","background-media":"","overlay-type":"","overlay-color":"","overlay-opacity":"","overlay-gradient":""},"mobile":{"background-color":"var(--ast-global-color-5)","background-image":"","background-repeat":"repeat","background-position":"center center","background-size":"auto","background-attachment":"scroll","background-type":"","background-media":"","overlay-type":"","overlay-color":"","overlay-opacity":"","overlay-gradient":""}},"footnotes":""},"class_list":["post-11","page","type-page","status-publish","hentry"],"yoast_head":"<!-- This site is optimized with the Yoast SEO plugin v27.5 - https:\/\/yoast.com\/product\/yoast-seo-wordpress\/ -->\n<title>About Us - witsys.com.mx<\/title>\n<meta name=\"robots\" content=\"index, follow, max-snippet:-1, max-image-preview:large, max-video-preview:-1\" \/>\n<link rel=\"canonical\" href=\"https:\/\/witsys.com.mx\/?page_id=11\" \/>\n<meta property=\"og:locale\" content=\"en_US\" \/>\n<meta property=\"og:type\" content=\"article\" \/>\n<meta property=\"og:title\" content=\"About Us - witsys.com.mx\" \/>\n<meta property=\"og:description\" content=\"Quienes Somos WITSYS SAS Somos una Pyme constituida como Sociedad por Acciones Simplificadas (SAS) enfocada en brindar servicios de implementaci\u00f3n, soporte y desarrollo de proyectos en el \u00e1rea de la Inform\u00e1tica y Telecomunicaciones, con particular enfoque en las radiocomunicaciones trunking y convencionales tanto Anal\u00f3gicas como Digitales. Adem\u00e1s contamos con un departamento de desarrollo, distribuci\u00f3n y [&hellip;]\" \/>\n<meta property=\"og:url\" content=\"https:\/\/witsys.com.mx\/?page_id=11\" \/>\n<meta property=\"og:site_name\" content=\"witsys.com.mx\" \/>\n<meta property=\"article:modified_time\" content=\"2021-01-18T19:47:09+00:00\" \/>\n<meta property=\"og:image\" content=\"https:\/\/witsys.com.mx\/wp-content\/uploads\/2017\/08\/plug-free-img.png\" \/>\n<meta name=\"twitter:card\" content=\"summary_large_image\" \/>\n<meta name=\"twitter:label1\" content=\"Est. reading time\" \/>\n\t<meta name=\"twitter:data1\" content=\"1 minute\" \/>\n<script type=\"application\/ld+json\" class=\"yoast-schema-graph\">{\"@context\":\"https:\\\/\\\/schema.org\",\"@graph\":[{\"@type\":\"WebPage\",\"@id\":\"https:\\\/\\\/witsys.com.mx\\\/?page_id=11\",\"url\":\"https:\\\/\\\/witsys.com.mx\\\/?page_id=11\",\"name\":\"About Us - witsys.com.mx\",\"isPartOf\":{\"@id\":\"https:\\\/\\\/witsys.com.mx\\\/#website\"},\"primaryImageOfPage\":{\"@id\":\"https:\\\/\\\/witsys.com.mx\\\/?page_id=11#primaryimage\"},\"image\":{\"@id\":\"https:\\\/\\\/witsys.com.mx\\\/?page_id=11#primaryimage\"},\"thumbnailUrl\":\"https:\\\/\\\/witsys.com.mx\\\/wp-content\\\/uploads\\\/2017\\\/08\\\/plug-free-img.png\",\"datePublished\":\"2017-08-01T12:07:51+00:00\",\"dateModified\":\"2021-01-18T19:47:09+00:00\",\"breadcrumb\":{\"@id\":\"https:\\\/\\\/witsys.com.mx\\\/?page_id=11#breadcrumb\"},\"inLanguage\":\"en-US\",\"potentialAction\":[{\"@type\":\"ReadAction\",\"target\":[\"https:\\\/\\\/witsys.com.mx\\\/?page_id=11\"]}]},{\"@type\":\"ImageObject\",\"inLanguage\":\"en-US\",\"@id\":\"https:\\\/\\\/witsys.com.mx\\\/?page_id=11#primaryimage\",\"url\":\"https:\\\/\\\/witsys.com.mx\\\/wp-content\\\/uploads\\\/2017\\\/08\\\/plug-free-img.png\",\"contentUrl\":\"https:\\\/\\\/witsys.com.mx\\\/wp-content\\\/uploads\\\/2017\\\/08\\\/plug-free-img.png\"},{\"@type\":\"BreadcrumbList\",\"@id\":\"https:\\\/\\\/witsys.com.mx\\\/?page_id=11#breadcrumb\",\"itemListElement\":[{\"@type\":\"ListItem\",\"position\":1,\"name\":\"Home\",\"item\":\"https:\\\/\\\/witsys.com.mx\\\/\"},{\"@type\":\"ListItem\",\"position\":2,\"name\":\"About Us\"}]},{\"@type\":\"WebSite\",\"@id\":\"https:\\\/\\\/witsys.com.mx\\\/#website\",\"url\":\"https:\\\/\\\/witsys.com.mx\\\/\",\"name\":\"witsys.com.mx\",\"description\":\"Wireless Informatics &amp; Telecomunications\",\"publisher\":{\"@id\":\"https:\\\/\\\/witsys.com.mx\\\/#organization\"},\"potentialAction\":[{\"@type\":\"SearchAction\",\"target\":{\"@type\":\"EntryPoint\",\"urlTemplate\":\"https:\\\/\\\/witsys.com.mx\\\/?s={search_term_string}\"},\"query-input\":{\"@type\":\"PropertyValueSpecification\",\"valueRequired\":true,\"valueName\":\"search_term_string\"}}],\"inLanguage\":\"en-US\"},{\"@type\":\"Organization\",\"@id\":\"https:\\\/\\\/witsys.com.mx\\\/#organization\",\"name\":\"Wireless Informatics & Telecommunications Systems\",\"url\":\"https:\\\/\\\/witsys.com.mx\\\/\",\"logo\":{\"@type\":\"ImageObject\",\"inLanguage\":\"en-US\",\"@id\":\"https:\\\/\\\/witsys.com.mx\\\/#\\\/schema\\\/logo\\\/image\\\/\",\"url\":\"https:\\\/\\\/witsys.com.mx\\\/wp-content\\\/uploads\\\/2020\\\/02\\\/Logo-Witsys-ESP-e1610931428159.png\",\"contentUrl\":\"https:\\\/\\\/witsys.com.mx\\\/wp-content\\\/uploads\\\/2020\\\/02\\\/Logo-Witsys-ESP-e1610931428159.png\",\"width\":350,\"height\":153,\"caption\":\"Wireless Informatics & Telecommunications Systems\"},\"image\":{\"@id\":\"https:\\\/\\\/witsys.com.mx\\\/#\\\/schema\\\/logo\\\/image\\\/\"}}]}<\/script>\n<!-- \/ Yoast SEO plugin. -->","yoast_head_json":{"title":"About Us - witsys.com.mx","robots":{"index":"index","follow":"follow","max-snippet":"max-snippet:-1","max-image-preview":"max-image-preview:large","max-video-preview":"max-video-preview:-1"},"canonical":"https:\/\/witsys.com.mx\/?page_id=11","og_locale":"en_US","og_type":"article","og_title":"About Us - witsys.com.mx","og_description":"Quienes Somos WITSYS SAS Somos una Pyme constituida como Sociedad por Acciones Simplificadas (SAS) enfocada en brindar servicios de implementaci\u00f3n, soporte y desarrollo de proyectos en el \u00e1rea de la Inform\u00e1tica y Telecomunicaciones, con particular enfoque en las radiocomunicaciones trunking y convencionales tanto Anal\u00f3gicas como Digitales. Adem\u00e1s contamos con un departamento de desarrollo, distribuci\u00f3n y [&hellip;]","og_url":"https:\/\/witsys.com.mx\/?page_id=11","og_site_name":"witsys.com.mx","article_modified_time":"2021-01-18T19:47:09+00:00","og_image":[{"url":"https:\/\/witsys.com.mx\/wp-content\/uploads\/2017\/08\/plug-free-img.png","type":"","width":"","height":""}],"twitter_card":"summary_large_image","twitter_misc":{"Est. reading time":"1 minute"},"schema":{"@context":"https:\/\/schema.org","@graph":[{"@type":"WebPage","@id":"https:\/\/witsys.com.mx\/?page_id=11","url":"https:\/\/witsys.com.mx\/?page_id=11","name":"About Us - witsys.com.mx","isPartOf":{"@id":"https:\/\/witsys.com.mx\/#website"},"primaryImageOfPage":{"@id":"https:\/\/witsys.com.mx\/?page_id=11#primaryimage"},"image":{"@id":"https:\/\/witsys.com.mx\/?page_id=11#primaryimage"},"thumbnailUrl":"https:\/\/witsys.com.mx\/wp-content\/uploads\/2017\/08\/plug-free-img.png","datePublished":"2017-08-01T12:07:51+00:00","dateModified":"2021-01-18T19:47:09+00:00","breadcrumb":{"@id":"https:\/\/witsys.com.mx\/?page_id=11#breadcrumb"},"inLanguage":"en-US","potentialAction":[{"@type":"ReadAction","target":["https:\/\/witsys.com.mx\/?page_id=11"]}]},{"@type":"ImageObject","inLanguage":"en-US","@id":"https:\/\/witsys.com.mx\/?page_id=11#primaryimage","url":"https:\/\/witsys.com.mx\/wp-content\/uploads\/2017\/08\/plug-free-img.png","contentUrl":"https:\/\/witsys.com.mx\/wp-content\/uploads\/2017\/08\/plug-free-img.png"},{"@type":"BreadcrumbList","@id":"https:\/\/witsys.com.mx\/?page_id=11#breadcrumb","itemListElement":[{"@type":"ListItem","position":1,"name":"Home","item":"https:\/\/witsys.com.mx\/"},{"@type":"ListItem","position":2,"name":"About Us"}]},{"@type":"WebSite","@id":"https:\/\/witsys.com.mx\/#website","url":"https:\/\/witsys.com.mx\/","name":"witsys.com.mx","description":"Wireless Informatics &amp; Telecomunications","publisher":{"@id":"https:\/\/witsys.com.mx\/#organization"},"potentialAction":[{"@type":"SearchAction","target":{"@type":"EntryPoint","urlTemplate":"https:\/\/witsys.com.mx\/?s={search_term_string}"},"query-input":{"@type":"PropertyValueSpecification","valueRequired":true,"valueName":"search_term_string"}}],"inLanguage":"en-US"},{"@type":"Organization","@id":"https:\/\/witsys.com.mx\/#organization","name":"Wireless Informatics & Telecommunications Systems","url":"https:\/\/witsys.com.mx\/","logo":{"@type":"ImageObject","inLanguage":"en-US","@id":"https:\/\/witsys.com.mx\/#\/schema\/logo\/image\/","url":"https:\/\/witsys.com.mx\/wp-content\/uploads\/2020\/02\/Logo-Witsys-ESP-e1610931428159.png","contentUrl":"https:\/\/witsys.com.mx\/wp-content\/uploads\/2020\/02\/Logo-Witsys-ESP-e1610931428159.png","width":350,"height":153,"caption":"Wireless Informatics & Telecommunications Systems"},"image":{"@id":"https:\/\/witsys.com.mx\/#\/schema\/logo\/image\/"}}]}},"_links":{"self":[{"href":"https:\/\/witsys.com.mx\/index.php?rest_route=\/wp\/v2\/pages\/11","targetHints":{"allow":["GET"]}}],"collection":[{"href":"https:\/\/witsys.com.mx\/index.php?rest_route=\/wp\/v2\/pages"}],"about":[{"href":"https:\/\/witsys.com.mx\/index.php?rest_route=\/wp\/v2\/types\/page"}],"author":[{"embeddable":true,"href":"https:\/\/witsys.com.mx\/index.php?rest_route=\/wp\/v2\/users\/1"}],"replies":[{"embeddable":true,"href":"https:\/\/witsys.com.mx\/index.php?rest_route=%2Fwp%2Fv2%2Fcomments&post=11"}],"version-history":[{"count":58,"href":"https:\/\/witsys.com.mx\/index.php?rest_route=\/wp\/v2\/pages\/11\/revisions"}],"predecessor-version":[{"id":1478,"href":"https:\/\/witsys.com.mx\/index.php?rest_route=\/wp\/v2\/pages\/11\/revisions\/1478"}],"wp:attachment":[{"href":"https:\/\/witsys.com.mx\/index.php?rest_route=%2Fwp%2Fv2%2Fmedia&parent=11"}],"curies":[{"name":"wp","href":"https:\/\/api.w.org\/{rel}","templated":true}]}}